{"id":5444,"date":"2021-03-19T13:00:33","date_gmt":"2021-03-19T17:00:33","guid":{"rendered":"https:\/\/solangecasiez.com\/?page_id=5444"},"modified":"2021-05-12T09:20:32","modified_gmt":"2021-05-12T13:20:32","slug":"contact-me","status":"publish","type":"page","link":"https:\/\/solangecasiez.com\/en\/contact-me\/","title":{"rendered":"Contact me"},"content":{"rendered":"<section class=\"wpb-content-wrapper\"><p>[vc_row css=&#8221;.vc_custom_1616160799606{background-color: #eae9e4 !important;}&#8221;][vc_column][vc_column_text]<\/p>\n<h1 style=\"text-align: center; font-size: 15vw;\"><span style=\"color: #d1cfc4;\">CONTACT<\/span><\/h1>\n<p>[\/vc_column_text][\/vc_column][\/vc_row][vc_row css=&#8221;.vc_custom_1616161039691{background-color: #dedcd3 !important;}&#8221;][vc_column width=&#8221;1\/4&#8243; offset=&#8221;vc_hidden-sm vc_hidden-xs&#8221;][vc_empty_space][\/vc_column][vc_column width=&#8221;1\/2&#8243; css=&#8221;.vc_custom_1616161987790{padding-right: 14px !important;padding-left: 14px !important;}&#8221;][vc_row_inner][vc_column_inner width=&#8221;1\/2&#8243;][vc_column_text]<\/p>\n<h4 style=\"text-align: right;\">It will be my pleasure to answer all of your questions.<\/h4>\n<p style=\"text-align: right;\">H\u00e9lo\u00efse 1900-1935 and H\u00e9lo\u00efse de ses propres ailes, 1935-1945 are available in all bookstores in Quebec and at<\/p>\n<p style=\"text-align: right;\"><a href=\"https:\/\/www.leslibraires.ca\/ecrit-par\/?ia=14856338\" target=\"_blank\" rel=\"noopener\">https:\/\/www.leslibraires.ca<\/a><\/p>\n<p>[\/vc_column_text][vc_column_text]<\/p>\n<h4 style=\"text-align: right;\">To contact Solange Casiez<\/h4>\n<p style=\"text-align: right;\">By email : <a href=\"mailto:solange.casiez@gmail.com\">solange.casiez@gmail.com<\/a><\/p>\n<p>[\/vc_column_text][vc_column_text css=&#8221;.vc_custom_1619544846514{margin-left: 72px !important;}&#8221;]<div id=\"belletrist_core_social_icons_group-3\" class=\"widget widget_belletrist_core_social_icons_group amr_widget\" data-area=\"main-sidebar\">            <div class=\"qodef-social-icons-group\">\n\t\t\t\t<span class=\"qodef-shortcode qodef-m  qodef-icon-holder  qodef-layout--normal\"  >\n\t\t\t<a itemprop=\"url\" href=\"https:\/\/www.facebook.com\/solangecasiezauteure\" target=\"_blank\">\n            <span class=\"qodef-icon-elegant-icons social_facebook qodef-icon qodef-e\" style=\"color: #3c579e;font-size: 18px\" ><\/span>            <\/a>\n\t<\/span><span class=\"qodef-shortcode qodef-m  qodef-icon-holder  qodef-layout--normal\"  >\n\t\t\t<a itemprop=\"url\" href=\"https:\/\/www.linkedin.com\/in\/solangecasiez\/\" target=\"_blank\">\n            <span class=\"qodef-icon-elegant-icons social_linkedin qodef-icon qodef-e\" style=\"color: #0076b4;font-size: 18px\" ><\/span>            <\/a>\n\t<\/span><span class=\"qodef-shortcode qodef-m  qodef-icon-holder  qodef-layout--normal\"  >\n\t\t\t<a itemprop=\"url\" href=\"https:\/\/www.instagram.com\/solangecasiez.auteure\/\" target=\"_blank\">\n            <span class=\"qodef-icon-elegant-icons social_instagram qodef-icon qodef-e\" style=\"color: #b84497;font-size: 18px\" ><\/span>            <\/a>\n\t<\/span><span class=\"qodef-shortcode qodef-m  qodef-icon-holder  qodef-layout--normal\"  >\n\t\t\t<a itemprop=\"url\" href=\"https:\/\/www.youtube.com\/channel\/UC7JhufxlTExc0RItnL6gbEg\" target=\"_blank\">\n            <span class=\"qodef-icon-elegant-icons social_youtube qodef-icon qodef-e\" style=\"color: #cc191c;font-size: 18px\" ><\/span>            <\/a>\n\t<\/span><span class=\"qodef-shortcode qodef-m  qodef-icon-holder  qodef-layout--normal\"  >\n\t\t\t<a itemprop=\"url\" href=\"https:\/\/www.babelio.com\/auteur\/Solange-Casiez\/574193\" target=\"_blank\">\n            <span class=\"qodef-icon-elegant-icons icon_link qodef-icon qodef-e\" style=\"color: #da5034;font-size: 18px\" ><\/span>            <\/a>\n\t<\/span>            <\/div>\n\t\t<\/div>[\/vc_column_text][\/vc_column_inner][vc_column_inner width=&#8221;1\/2&#8243;][vc_single_image image=&#8221;5194&#8243; img_size=&#8221;full&#8221;][\/vc_column_inner][\/vc_row_inner][vc_row_inner equal_height=&#8221;yes&#8221;][vc_column_inner width=&#8221;1\/2&#8243;][vc_column_text]<\/p>\n<h4 style=\"text-align: center;\">The publisher<\/h4>\n<p style=\"text-align: center;\">Les \u00c9ditions Pierre Tisseyre<br \/>\n155,Maurice street, Rosemere, Quebec<br \/>\nJ7A 2S8<br \/>\nT 514 335 0777<br \/>\nF 450 437 3302<br \/>\ninfo@edtisseyre.ca<\/p>\n<p>[\/vc_column_text][vc_single_image image=&#8221;5388&#8243; img_size=&#8221;full&#8221; alignment=&#8221;center&#8221;][\/vc_column_inner][vc_column_inner width=&#8221;1\/2&#8243;][vc_column_text]<\/p>\n<h4 style=\"text-align: center;\">Communications<\/h4>\n<p style=\"text-align: center;\">Aline Plante (Press Attach\u00e9)<br \/>\n288, Ste-Rose boulevard, Laval, Quebec<br \/>\nH7L 1M3<br \/>\nT 450 433 4045 #103<br \/>\nC 514 231 3254<br \/>\naplante@laboitedediffusion.com<\/p>\n<p>[\/vc_column_text][vc_single_image image=&#8221;5386&#8243; img_size=&#8221;full&#8221; alignment=&#8221;center&#8221;][\/vc_column_inner][\/vc_row_inner][vc_row_inner equal_height=&#8221;yes&#8221;][vc_column_inner][vc_column_text]<\/p>\n<h4 style=\"text-align: center;\">Member UNEQ<\/h4>\n<p style=\"text-align: center;\">3492, Laval avenue<br \/>\nMontreal, Quebec<br \/>\nH2X 3C8<br \/>\nT 514 849 8540<\/p>\n<p>[\/vc_column_text][vc_single_image image=&#8221;5387&#8243; img_size=&#8221;full&#8221; alignment=&#8221;center&#8221;][\/vc_column_inner][\/vc_row_inner][vc_empty_space height=&#8221;64px&#8221;][\/vc_column][vc_column width=&#8221;1\/4&#8243; offset=&#8221;vc_hidden-sm vc_hidden-xs&#8221;][vc_empty_space][\/vc_column][\/vc_row]<\/p>\n<\/section>","protected":false},"excerpt":{"rendered":"<p>[vc_row css=&#8221;.vc_custom_1616160799606{background-color: #eae9e4 !important;}&#8221;][vc_column][vc_column_text] CONTACT [\/vc_column_text][\/vc_column][\/vc_row][vc_row css=&#8221;.vc_custom_1616161039691{background-color: #dedcd3 !important;}&#8221;][vc_column width=&#8221;1\/4&#8243; offset=&#8221;vc_hidden-sm vc_hidden-xs&#8221;][vc_empty_space][\/vc_column][vc_column width=&#8221;1\/2&#8243; css=&#8221;.vc_custom_1616161987790{padding-right: 14px !important;padding-left: 14px !important;}&#8221;][vc_row_inner][vc_column_inner width=&#8221;1\/2&#8243;][vc_column_text] It will be my pleasure to answer all of your questions. H\u00e9lo\u00efse 1900-1935 and H\u00e9lo\u00efse de ses propres ailes, 1935-1945 are available in all bookstores in Quebec and at https:\/\/www.leslibraires.ca [\/vc_column_text][vc_column_text] To contact Solange Casiez By [&hellip;]<\/p>\n","protected":false},"author":1,"featured_media":0,"parent":0,"menu_order":0,"comment_status":"closed","ping_status":"closed","template":"page-full-width.php","meta":{"footnotes":""},"class_list":["post-5444","page","type-page","status-publish","hentry"],"yoast_head":"<!-- This site is optimized with the Yoast SEO plugin v19.10 - https:\/\/yoast.com\/wordpress\/plugins\/seo\/ -->\n<title>Contact Solange Casiez, a Quebec author<\/title>\n<meta name=\"robots\" content=\"index, follow, max-snippet:-1, max-image-preview:large, max-video-preview:-1\" \/>\n<link rel=\"canonical\" href=\"https:\/\/solangecasiez.com\/en\/contact-me\/\" \/>\n<meta property=\"og:locale\" content=\"en_US\" \/>\n<meta property=\"og:type\" content=\"article\" \/>\n<meta property=\"og:title\" content=\"Contact Solange Casiez, a Quebec author\" \/>\n<meta property=\"og:description\" content=\"[vc_row css=&#8221;.vc_custom_1616160799606{background-color: #eae9e4 !important;}&#8221;][vc_column][vc_column_text] CONTACT [\/vc_column_text][\/vc_column][\/vc_row][vc_row css=&#8221;.vc_custom_1616161039691{background-color: #dedcd3 !important;}&#8221;][vc_column width=&#8221;1\/4&#8243; offset=&#8221;vc_hidden-sm vc_hidden-xs&#8221;][vc_empty_space][\/vc_column][vc_column width=&#8221;1\/2&#8243; css=&#8221;.vc_custom_1616161987790{padding-right: 14px !important;padding-left: 14px !important;}&#8221;][vc_row_inner][vc_column_inner width=&#8221;1\/2&#8243;][vc_column_text] It will be my pleasure to answer all of your questions. H\u00e9lo\u00efse 1900-1935 and H\u00e9lo\u00efse de ses propres ailes, 1935-1945 are available in all bookstores in Quebec and at https:\/\/www.leslibraires.ca [\/vc_column_text][vc_column_text] To contact Solange Casiez By [&hellip;]\" \/>\n<meta property=\"og:url\" content=\"https:\/\/solangecasiez.com\/en\/contact-me\/\" \/>\n<meta property=\"og:site_name\" content=\"Solange Casiez, Auteure\" \/>\n<meta property=\"article:modified_time\" content=\"2021-05-12T13:20:32+00:00\" \/>\n<meta name=\"twitter:card\" content=\"summary_large_image\" \/>\n<meta name=\"twitter:label1\" content=\"Est. reading time\" \/>\n\t<meta name=\"twitter:data1\" content=\"1 minute\" \/>\n<script type=\"application\/ld+json\" class=\"yoast-schema-graph\">{\"@context\":\"https:\/\/schema.org\",\"@graph\":[{\"@type\":\"WebPage\",\"@id\":\"https:\/\/solangecasiez.com\/en\/contact-me\/\",\"url\":\"https:\/\/solangecasiez.com\/en\/contact-me\/\",\"name\":\"Contact Solange Casiez, a Quebec author\",\"isPartOf\":{\"@id\":\"https:\/\/solangecasiez.com\/#website\"},\"datePublished\":\"2021-03-19T17:00:33+00:00\",\"dateModified\":\"2021-05-12T13:20:32+00:00\",\"breadcrumb\":{\"@id\":\"https:\/\/solangecasiez.com\/en\/contact-me\/#breadcrumb\"},\"inLanguage\":\"en-US\",\"potentialAction\":[{\"@type\":\"ReadAction\",\"target\":[\"https:\/\/solangecasiez.com\/en\/contact-me\/\"]}]},{\"@type\":\"BreadcrumbList\",\"@id\":\"https:\/\/solangecasiez.com\/en\/contact-me\/#breadcrumb\",\"itemListElement\":[{\"@type\":\"ListItem\",\"position\":1,\"name\":\"Accueil\",\"item\":\"https:\/\/solangecasiez.com\/en\/\"},{\"@type\":\"ListItem\",\"position\":2,\"name\":\"Contact me\"}]},{\"@type\":\"WebSite\",\"@id\":\"https:\/\/solangecasiez.com\/#website\",\"url\":\"https:\/\/solangecasiez.com\/\",\"name\":\"Solange Casiez, Auteure\",\"description\":\"\",\"potentialAction\":[{\"@type\":\"SearchAction\",\"target\":{\"@type\":\"EntryPoint\",\"urlTemplate\":\"https:\/\/solangecasiez.com\/?s={search_term_string}\"},\"query-input\":\"required name=search_term_string\"}],\"inLanguage\":\"en-US\"}]}<\/script>\n<!-- \/ Yoast SEO plugin. -->","yoast_head_json":{"title":"Contact Solange Casiez, a Quebec author","robots":{"index":"index","follow":"follow","max-snippet":"max-snippet:-1","max-image-preview":"max-image-preview:large","max-video-preview":"max-video-preview:-1"},"canonical":"https:\/\/solangecasiez.com\/en\/contact-me\/","og_locale":"en_US","og_type":"article","og_title":"Contact Solange Casiez, a Quebec author","og_description":"[vc_row css=&#8221;.vc_custom_1616160799606{background-color: #eae9e4 !important;}&#8221;][vc_column][vc_column_text] CONTACT [\/vc_column_text][\/vc_column][\/vc_row][vc_row css=&#8221;.vc_custom_1616161039691{background-color: #dedcd3 !important;}&#8221;][vc_column width=&#8221;1\/4&#8243; offset=&#8221;vc_hidden-sm vc_hidden-xs&#8221;][vc_empty_space][\/vc_column][vc_column width=&#8221;1\/2&#8243; css=&#8221;.vc_custom_1616161987790{padding-right: 14px !important;padding-left: 14px !important;}&#8221;][vc_row_inner][vc_column_inner width=&#8221;1\/2&#8243;][vc_column_text] It will be my pleasure to answer all of your questions. H\u00e9lo\u00efse 1900-1935 and H\u00e9lo\u00efse de ses propres ailes, 1935-1945 are available in all bookstores in Quebec and at https:\/\/www.leslibraires.ca [\/vc_column_text][vc_column_text] To contact Solange Casiez By [&hellip;]","og_url":"https:\/\/solangecasiez.com\/en\/contact-me\/","og_site_name":"Solange Casiez, Auteure","article_modified_time":"2021-05-12T13:20:32+00:00","twitter_card":"summary_large_image","twitter_misc":{"Est. reading time":"1 minute"},"schema":{"@context":"https:\/\/schema.org","@graph":[{"@type":"WebPage","@id":"https:\/\/solangecasiez.com\/en\/contact-me\/","url":"https:\/\/solangecasiez.com\/en\/contact-me\/","name":"Contact Solange Casiez, a Quebec author","isPartOf":{"@id":"https:\/\/solangecasiez.com\/#website"},"datePublished":"2021-03-19T17:00:33+00:00","dateModified":"2021-05-12T13:20:32+00:00","breadcrumb":{"@id":"https:\/\/solangecasiez.com\/en\/contact-me\/#breadcrumb"},"inLanguage":"en-US","potentialAction":[{"@type":"ReadAction","target":["https:\/\/solangecasiez.com\/en\/contact-me\/"]}]},{"@type":"BreadcrumbList","@id":"https:\/\/solangecasiez.com\/en\/contact-me\/#breadcrumb","itemListElement":[{"@type":"ListItem","position":1,"name":"Accueil","item":"https:\/\/solangecasiez.com\/en\/"},{"@type":"ListItem","position":2,"name":"Contact me"}]},{"@type":"WebSite","@id":"https:\/\/solangecasiez.com\/#website","url":"https:\/\/solangecasiez.com\/","name":"Solange Casiez, Auteure","description":"","potentialAction":[{"@type":"SearchAction","target":{"@type":"EntryPoint","urlTemplate":"https:\/\/solangecasiez.com\/?s={search_term_string}"},"query-input":"required name=search_term_string"}],"inLanguage":"en-US"}]}},"_links":{"self":[{"href":"https:\/\/solangecasiez.com\/en\/wp-json\/wp\/v2\/pages\/5444","targetHints":{"allow":["GET"]}}],"collection":[{"href":"https:\/\/solangecasiez.com\/en\/wp-json\/wp\/v2\/pages"}],"about":[{"href":"https:\/\/solangecasiez.com\/en\/wp-json\/wp\/v2\/types\/page"}],"author":[{"embeddable":true,"href":"https:\/\/solangecasiez.com\/en\/wp-json\/wp\/v2\/users\/1"}],"replies":[{"embeddable":true,"href":"https:\/\/solangecasiez.com\/en\/wp-json\/wp\/v2\/comments?post=5444"}],"version-history":[{"count":6,"href":"https:\/\/solangecasiez.com\/en\/wp-json\/wp\/v2\/pages\/5444\/revisions"}],"predecessor-version":[{"id":5457,"href":"https:\/\/solangecasiez.com\/en\/wp-json\/wp\/v2\/pages\/5444\/revisions\/5457"}],"wp:attachment":[{"href":"https:\/\/solangecasiez.com\/en\/wp-json\/wp\/v2\/media?parent=5444"}],"curies":[{"name":"wp","href":"https:\/\/api.w.org\/{rel}","templated":true}]}}