{"id":5459,"date":"2021-04-07T08:37:46","date_gmt":"2021-04-07T12:37:46","guid":{"rendered":"https:\/\/solangecasiez.com\/activites\/"},"modified":"2021-11-02T16:03:54","modified_gmt":"2021-11-02T20:03:54","slug":"activities","status":"publish","type":"page","link":"https:\/\/solangecasiez.com\/en\/activities\/","title":{"rendered":"Activities"},"content":{"rendered":"<section class=\"wpb-content-wrapper\"><p>[vc_row css=&#8221;.vc_custom_1616160799606{background-color: #eae9e4 !important;}&#8221;][vc_column][vc_column_text]<\/p>\n<h1 style=\"text-align: center; font-size: 15vw;\"><span style=\"color: #d1cfc4;\">ACTIVITIES<\/span><\/h1>\n<p>[\/vc_column_text][\/vc_column][\/vc_row][vc_row css=&#8221;.vc_custom_1616161039691{background-color: #dedcd3 !important;}&#8221;][vc_column width=&#8221;1\/4&#8243; offset=&#8221;vc_hidden-sm vc_hidden-xs&#8221;][vc_empty_space][\/vc_column][vc_column width=&#8221;1\/2&#8243; css=&#8221;.vc_custom_1616161987790{padding-right: 14px !important;padding-left: 14px !important;}&#8221;][vc_custom_heading text=&#8221;2021&#8243; font_container=&#8221;tag:h2|text_align:center&#8221; use_theme_fonts=&#8221;yes&#8221; css=&#8221;.vc_custom_1619455680947{margin-right: 20px !important;margin-left: 20px !important;}&#8221;][vc_separator][vc_video link=&#8221;https:\/\/youtu.be\/bHJfl9OpLsQ&#8221; align=&#8221;center&#8221; css=&#8221;.vc_custom_1635883262367{margin-right: 20px !important;margin-left: 20px !important;}&#8221; title=&#8221;Georgeville, book launch of H\u00e9lo\u00efse de ses propres ailes, August 2021&#8243;][vc_column_text css=&#8221;.vc_custom_1620655725064{margin-right: 20px !important;margin-left: 20px !important;}&#8221;]<\/p>\n<h4 style=\"text-align: center;\">Book launch of H\u00e9lo\u00efse de ses propres ailes 1935-1945<\/h4>\n<div>Until <strong>May 19, 2021<\/strong>, if you want to get a signed copy, you can order it here<\/div>\n<div><strong>https:\/\/maisondeleducation.leslibraires.ca\/<\/strong><\/div>\n<div>By email : librairie@maisondeleducation.com<\/div>\n<div>or by phone: (514) 384 4401<\/div>\n<div>(pre-orders are available now)<\/div>\n<div>Please note! When ordering online, <strong>please specify in the \u201cnotes\u201d,<\/strong>, if you wish to have an autographed copy and to which name.<\/div>\n<p>[\/vc_column_text][vc_video link=&#8221;https:\/\/youtu.be\/TvxOlx2yZNk&#8221; align=&#8221;center&#8221; css=&#8221;.vc_custom_1635883421854{margin-right: 20px !important;margin-left: 20px !important;}&#8221; title=&#8221;Signing of H\u00e9lo\u00efse de ses propres ailes at Maison de l&#8217;\u00c9ducation, Montr\u00e9al&#8221;][vc_video link=&#8221;https:\/\/youtu.be\/1HWWYeLG7rE&#8221; align=&#8221;center&#8221; css=&#8221;.vc_custom_1620332505086{margin-right: 20px !important;margin-left: 20px !important;}&#8221;][vc_column_text css=&#8221;.vc_custom_1620655758795{margin-right: 20px !important;margin-left: 20px !important;}&#8221;]<\/p>\n<h4 style=\"text-align: center;\">Other activities<\/h4>\n<p style=\"text-align: center;\">UQAM : Student in Creative Writing<\/p>\n<p>[\/vc_column_text][vc_empty_space][vc_separator][vc_custom_heading text=&#8221;2019 &#8211; 2020&#8243; font_container=&#8221;tag:h2|text_align:center&#8221; use_theme_fonts=&#8221;yes&#8221; css=&#8221;.vc_custom_1619455697244{margin-right: 20px !important;margin-left: 20px !important;}&#8221;][vc_separator][vc_column_text css=&#8221;.vc_custom_1620655773278{margin-right: 20px !important;margin-left: 20px !important;}&#8221;]<\/p>\n<p style=\"text-align: center;\">UQAM : Student in Creative Writing<\/p>\n<p>[\/vc_column_text][vc_empty_space][vc_separator][vc_custom_heading text=&#8221;2018&#8243; font_container=&#8221;tag:h2|text_align:center&#8221; use_theme_fonts=&#8221;yes&#8221; css=&#8221;.vc_custom_1619455711809{margin-right: 20px !important;margin-left: 20px !important;}&#8221;][vc_separator][vc_column_text css=&#8221;.vc_custom_1620655802381{margin-right: 20px !important;margin-left: 20px !important;}&#8221;]<\/p>\n<h4>Tribute to Pierre Tisseyre, Formerie-France, May 8, 2018<\/h4>\n<p>May 8 commemorations to honor the memory of Pierre Tisseyre who fought in Formerie in June 1940. He was then taken prisoner for 5 years. He settled in Quebec in 1947 where he founded Les \u00e9ditions Pierre Tisseyre.[\/vc_column_text][vc_video link=&#8221;https:\/\/youtu.be\/I7DMDvZX6nA&#8221; align=&#8221;center&#8221; css=&#8221;.vc_custom_1619455725305{margin-right: 20px !important;margin-left: 20px !important;}&#8221;][vc_column_text css=&#8221;.vc_custom_1620655837845{margin-right: 20px !important;margin-left: 20px !important;}&#8221;]<\/p>\n<h4>Salon International du Livre de Qu\u00e9bec-11-15 April 2018<\/h4>\n<p>The Salon International du Livre de Qu\u00e9bec: Presence of many publishers including Les \u00c9ditions Pierre Tisseyre.[\/vc_column_text][vc_video link=&#8221;https:\/\/youtu.be\/kAFspo54-2M&#8221; align=&#8221;center&#8221; css=&#8221;.vc_custom_1619455740584{margin-right: 20px !important;margin-left: 20px !important;}&#8221;][vc_column_text css=&#8221;.vc_custom_1620655872215{margin-right: 20px !important;margin-left: 20px !important;}&#8221;]<\/p>\n<h4>Salon de livre de l&#8217;outaouais- book signing and conference by Michel Brunet -March 2018<\/h4>\n<p>Imperial France and New France, A New Look at 1759. This book was published by \u00c9ditions Pierre Tisseyre in 2017.[\/vc_column_text][vc_video link=&#8221;https:\/\/youtu.be\/rdFOZxf1tDw&#8221; align=&#8221;center&#8221; css=&#8221;.vc_custom_1619455769611{margin-right: 20px !important;margin-left: 20px !important;}&#8221;][vc_column_text css=&#8221;.vc_custom_1620655891025{margin-right: 20px !important;margin-left: 20px !important;}&#8221;]Michel Brunet presents Imperial France and New France, A New Look at 1759 at Georgeville Sept 2018[\/vc_column_text][vc_video link=&#8221;https:\/\/youtu.be\/81yepunqAoE&#8221; align=&#8221;center&#8221; css=&#8221;.vc_custom_1619455790633{margin-right: 20px !important;margin-left: 20px !important;}&#8221;][vc_separator][vc_custom_heading text=&#8221;2017&#8243; font_container=&#8221;tag:h2|text_align:center&#8221; use_theme_fonts=&#8221;yes&#8221;][vc_separator][vc_column_text css=&#8221;.vc_custom_1620655920540{margin-right: 20px !important;margin-left: 20px !important;}&#8221;]<\/p>\n<h4>Heloise, 1900-1935. Book launch 2017<\/h4>\n<p>Launch of the book H\u00e9lo\u00efse, 1900-1935 by Solange Casiez, \u00c9ditions Pierre Tisseyre, May 2017. Available in most bookstores in Quebec.[\/vc_column_text][vc_video link=&#8221;https:\/\/youtu.be\/LGDGTcoTZJY&#8221; align=&#8221;center&#8221; css=&#8221;.vc_custom_1619455807547{margin-right: 20px !important;margin-left: 20px !important;}&#8221;][vc_column_text css=&#8221;.vc_custom_1620655947487{margin-right: 20px !important;margin-left: 20px !important;}&#8221;]<\/p>\n<h4>70th Anniversary of \u00c9ditions Pierre Tisseyre and Montreal Book Fair 2017<\/h4>\n<p>Many authors of this publishing house were present at the Montreal book fair and signed their books.[\/vc_column_text][vc_video link=&#8221;https:\/\/youtu.be\/vOiOO0Bgx4M&#8221; align=&#8221;center&#8221; css=&#8221;.vc_custom_1619455829197{margin-right: 20px !important;margin-left: 20px !important;}&#8221;][vc_empty_space height=&#8221;64px&#8221;][\/vc_column][vc_column width=&#8221;1\/4&#8243; offset=&#8221;vc_hidden-sm vc_hidden-xs&#8221;][vc_empty_space][\/vc_column][\/vc_row]<\/p>\n<\/section>","protected":false},"excerpt":{"rendered":"<p>[vc_row css=&#8221;.vc_custom_1616160799606{background-color: #eae9e4 !important;}&#8221;][vc_column][vc_column_text] ACTIVITIES [\/vc_column_text][\/vc_column][\/vc_row][vc_row css=&#8221;.vc_custom_1616161039691{background-color: #dedcd3 !important;}&#8221;][vc_column width=&#8221;1\/4&#8243; offset=&#8221;vc_hidden-sm vc_hidden-xs&#8221;][vc_empty_space][\/vc_column][vc_column width=&#8221;1\/2&#8243; css=&#8221;.vc_custom_1616161987790{padding-right: 14px !important;padding-left: 14px !important;}&#8221;][vc_custom_heading text=&#8221;2021&#8243; font_container=&#8221;tag:h2|text_align:center&#8221; use_theme_fonts=&#8221;yes&#8221; css=&#8221;.vc_custom_1619455680947{margin-right: 20px !important;margin-left: 20px !important;}&#8221;][vc_separator][vc_video link=&#8221;https:\/\/youtu.be\/bHJfl9OpLsQ&#8221; align=&#8221;center&#8221; css=&#8221;.vc_custom_1635883262367{margin-right: 20px !important;margin-left: 20px !important;}&#8221; title=&#8221;Georgeville, book launch of H\u00e9lo\u00efse de ses propres ailes, August 2021&#8243;][vc_column_text css=&#8221;.vc_custom_1620655725064{margin-right: 20px !important;margin-left: 20px !important;}&#8221;] Book launch of H\u00e9lo\u00efse de ses [&hellip;]<\/p>\n","protected":false},"author":1,"featured_media":0,"parent":0,"menu_order":0,"comment_status":"closed","ping_status":"closed","template":"page-full-width.php","meta":{"footnotes":""},"class_list":["post-5459","page","type-page","status-publish","hentry"],"yoast_head":"<!-- This site is optimized with the Yoast SEO plugin v19.10 - https:\/\/yoast.com\/wordpress\/plugins\/seo\/ -->\n<title>Solange Casiez, the activities of a Quebec author<\/title>\n<meta name=\"robots\" content=\"index, follow, max-snippet:-1, max-image-preview:large, max-video-preview:-1\" \/>\n<link rel=\"canonical\" href=\"https:\/\/solangecasiez.com\/en\/activities\/\" \/>\n<meta property=\"og:locale\" content=\"en_US\" \/>\n<meta property=\"og:type\" content=\"article\" \/>\n<meta property=\"og:title\" content=\"Solange Casiez, the activities of a Quebec author\" \/>\n<meta property=\"og:description\" content=\"[vc_row css=&#8221;.vc_custom_1616160799606{background-color: #eae9e4 !important;}&#8221;][vc_column][vc_column_text] ACTIVITIES [\/vc_column_text][\/vc_column][\/vc_row][vc_row css=&#8221;.vc_custom_1616161039691{background-color: #dedcd3 !important;}&#8221;][vc_column width=&#8221;1\/4&#8243; offset=&#8221;vc_hidden-sm vc_hidden-xs&#8221;][vc_empty_space][\/vc_column][vc_column width=&#8221;1\/2&#8243; css=&#8221;.vc_custom_1616161987790{padding-right: 14px !important;padding-left: 14px !important;}&#8221;][vc_custom_heading text=&#8221;2021&#8243; font_container=&#8221;tag:h2|text_align:center&#8221; use_theme_fonts=&#8221;yes&#8221; css=&#8221;.vc_custom_1619455680947{margin-right: 20px !important;margin-left: 20px !important;}&#8221;][vc_separator][vc_video link=&#8221;https:\/\/youtu.be\/bHJfl9OpLsQ&#8221; align=&#8221;center&#8221; css=&#8221;.vc_custom_1635883262367{margin-right: 20px !important;margin-left: 20px !important;}&#8221; title=&#8221;Georgeville, book launch of H\u00e9lo\u00efse de ses propres ailes, August 2021&#8243;][vc_column_text css=&#8221;.vc_custom_1620655725064{margin-right: 20px !important;margin-left: 20px !important;}&#8221;] Book launch of H\u00e9lo\u00efse de ses [&hellip;]\" \/>\n<meta property=\"og:url\" content=\"https:\/\/solangecasiez.com\/en\/activities\/\" \/>\n<meta property=\"og:site_name\" content=\"Solange Casiez, Auteure\" \/>\n<meta property=\"article:modified_time\" content=\"2021-11-02T20:03:54+00:00\" \/>\n<meta name=\"twitter:card\" content=\"summary_large_image\" \/>\n<meta name=\"twitter:label1\" content=\"Est. reading time\" \/>\n\t<meta name=\"twitter:data1\" content=\"2 minutes\" \/>\n<script type=\"application\/ld+json\" class=\"yoast-schema-graph\">{\"@context\":\"https:\/\/schema.org\",\"@graph\":[{\"@type\":\"WebPage\",\"@id\":\"https:\/\/solangecasiez.com\/en\/activities\/\",\"url\":\"https:\/\/solangecasiez.com\/en\/activities\/\",\"name\":\"Solange Casiez, the activities of a Quebec author\",\"isPartOf\":{\"@id\":\"https:\/\/solangecasiez.com\/#website\"},\"datePublished\":\"2021-04-07T12:37:46+00:00\",\"dateModified\":\"2021-11-02T20:03:54+00:00\",\"breadcrumb\":{\"@id\":\"https:\/\/solangecasiez.com\/en\/activities\/#breadcrumb\"},\"inLanguage\":\"en-US\",\"potentialAction\":[{\"@type\":\"ReadAction\",\"target\":[\"https:\/\/solangecasiez.com\/en\/activities\/\"]}]},{\"@type\":\"BreadcrumbList\",\"@id\":\"https:\/\/solangecasiez.com\/en\/activities\/#breadcrumb\",\"itemListElement\":[{\"@type\":\"ListItem\",\"position\":1,\"name\":\"Accueil\",\"item\":\"https:\/\/solangecasiez.com\/en\/\"},{\"@type\":\"ListItem\",\"position\":2,\"name\":\"Activities\"}]},{\"@type\":\"WebSite\",\"@id\":\"https:\/\/solangecasiez.com\/#website\",\"url\":\"https:\/\/solangecasiez.com\/\",\"name\":\"Solange Casiez, Auteure\",\"description\":\"\",\"potentialAction\":[{\"@type\":\"SearchAction\",\"target\":{\"@type\":\"EntryPoint\",\"urlTemplate\":\"https:\/\/solangecasiez.com\/?s={search_term_string}\"},\"query-input\":\"required name=search_term_string\"}],\"inLanguage\":\"en-US\"}]}<\/script>\n<!-- \/ Yoast SEO plugin. -->","yoast_head_json":{"title":"Solange Casiez, the activities of a Quebec author","robots":{"index":"index","follow":"follow","max-snippet":"max-snippet:-1","max-image-preview":"max-image-preview:large","max-video-preview":"max-video-preview:-1"},"canonical":"https:\/\/solangecasiez.com\/en\/activities\/","og_locale":"en_US","og_type":"article","og_title":"Solange Casiez, the activities of a Quebec author","og_description":"[vc_row css=&#8221;.vc_custom_1616160799606{background-color: #eae9e4 !important;}&#8221;][vc_column][vc_column_text] ACTIVITIES [\/vc_column_text][\/vc_column][\/vc_row][vc_row css=&#8221;.vc_custom_1616161039691{background-color: #dedcd3 !important;}&#8221;][vc_column width=&#8221;1\/4&#8243; offset=&#8221;vc_hidden-sm vc_hidden-xs&#8221;][vc_empty_space][\/vc_column][vc_column width=&#8221;1\/2&#8243; css=&#8221;.vc_custom_1616161987790{padding-right: 14px !important;padding-left: 14px !important;}&#8221;][vc_custom_heading text=&#8221;2021&#8243; font_container=&#8221;tag:h2|text_align:center&#8221; use_theme_fonts=&#8221;yes&#8221; css=&#8221;.vc_custom_1619455680947{margin-right: 20px !important;margin-left: 20px !important;}&#8221;][vc_separator][vc_video link=&#8221;https:\/\/youtu.be\/bHJfl9OpLsQ&#8221; align=&#8221;center&#8221; css=&#8221;.vc_custom_1635883262367{margin-right: 20px !important;margin-left: 20px !important;}&#8221; title=&#8221;Georgeville, book launch of H\u00e9lo\u00efse de ses propres ailes, August 2021&#8243;][vc_column_text css=&#8221;.vc_custom_1620655725064{margin-right: 20px !important;margin-left: 20px !important;}&#8221;] Book launch of H\u00e9lo\u00efse de ses [&hellip;]","og_url":"https:\/\/solangecasiez.com\/en\/activities\/","og_site_name":"Solange Casiez, Auteure","article_modified_time":"2021-11-02T20:03:54+00:00","twitter_card":"summary_large_image","twitter_misc":{"Est. reading time":"2 minutes"},"schema":{"@context":"https:\/\/schema.org","@graph":[{"@type":"WebPage","@id":"https:\/\/solangecasiez.com\/en\/activities\/","url":"https:\/\/solangecasiez.com\/en\/activities\/","name":"Solange Casiez, the activities of a Quebec author","isPartOf":{"@id":"https:\/\/solangecasiez.com\/#website"},"datePublished":"2021-04-07T12:37:46+00:00","dateModified":"2021-11-02T20:03:54+00:00","breadcrumb":{"@id":"https:\/\/solangecasiez.com\/en\/activities\/#breadcrumb"},"inLanguage":"en-US","potentialAction":[{"@type":"ReadAction","target":["https:\/\/solangecasiez.com\/en\/activities\/"]}]},{"@type":"BreadcrumbList","@id":"https:\/\/solangecasiez.com\/en\/activities\/#breadcrumb","itemListElement":[{"@type":"ListItem","position":1,"name":"Accueil","item":"https:\/\/solangecasiez.com\/en\/"},{"@type":"ListItem","position":2,"name":"Activities"}]},{"@type":"WebSite","@id":"https:\/\/solangecasiez.com\/#website","url":"https:\/\/solangecasiez.com\/","name":"Solange Casiez, Auteure","description":"","potentialAction":[{"@type":"SearchAction","target":{"@type":"EntryPoint","urlTemplate":"https:\/\/solangecasiez.com\/?s={search_term_string}"},"query-input":"required name=search_term_string"}],"inLanguage":"en-US"}]}},"_links":{"self":[{"href":"https:\/\/solangecasiez.com\/en\/wp-json\/wp\/v2\/pages\/5459","targetHints":{"allow":["GET"]}}],"collection":[{"href":"https:\/\/solangecasiez.com\/en\/wp-json\/wp\/v2\/pages"}],"about":[{"href":"https:\/\/solangecasiez.com\/en\/wp-json\/wp\/v2\/types\/page"}],"author":[{"embeddable":true,"href":"https:\/\/solangecasiez.com\/en\/wp-json\/wp\/v2\/users\/1"}],"replies":[{"embeddable":true,"href":"https:\/\/solangecasiez.com\/en\/wp-json\/wp\/v2\/comments?post=5459"}],"version-history":[{"count":4,"href":"https:\/\/solangecasiez.com\/en\/wp-json\/wp\/v2\/pages\/5459\/revisions"}],"predecessor-version":[{"id":5538,"href":"https:\/\/solangecasiez.com\/en\/wp-json\/wp\/v2\/pages\/5459\/revisions\/5538"}],"wp:attachment":[{"href":"https:\/\/solangecasiez.com\/en\/wp-json\/wp\/v2\/media?parent=5459"}],"curies":[{"name":"wp","href":"https:\/\/api.w.org\/{rel}","templated":true}]}}