{"id":5485,"date":"2021-03-19T14:31:34","date_gmt":"2021-03-19T13:31:34","guid":{"rendered":"https:\/\/solangecasiez.com\/biographie\/"},"modified":"2021-05-12T09:17:15","modified_gmt":"2021-05-12T13:17:15","slug":"biography","status":"publish","type":"page","link":"https:\/\/solangecasiez.com\/en\/biography\/","title":{"rendered":"Biography"},"content":{"rendered":"<section class=\"wpb-content-wrapper\"><p>[vc_row css=&#8221;.vc_custom_1616160799606{background-color: #eae9e4 !important;}&#8221;][vc_column][vc_column_text]<\/p>\n<h1 style=\"text-align: center; font-size: 15vw;\"><span style=\"color: #d1cfc4;\">BIOGRAPHY<\/span><\/h1>\n<p>[\/vc_column_text][\/vc_column][\/vc_row][vc_row css=&#8221;.vc_custom_1616161039691{background-color: #dedcd3 !important;}&#8221;][vc_column width=&#8221;1\/4&#8243; offset=&#8221;vc_hidden-sm vc_hidden-xs&#8221;][vc_empty_space][\/vc_column][vc_column width=&#8221;1\/2&#8243; css=&#8221;.vc_custom_1619454603847{margin-right: 10px !important;margin-left: 10px !important;padding-right: 14px !important;padding-left: 14px !important;}&#8221;][vc_column_text css=&#8221;.vc_custom_1620660896124{margin-right: 20px !important;}&#8221;]<\/p>\n<h4><img loading=\"lazy\" decoding=\"async\" class=\" wp-image-5326 alignright\" src=\"https:\/\/solangecasiez.com\/wp-content\/uploads\/2021\/04\/photo-bio2-240x300.png\" alt=\"\" width=\"246\" height=\"307\" srcset=\"https:\/\/solangecasiez.com\/wp-content\/uploads\/2021\/04\/photo-bio2-240x300.png 240w, https:\/\/solangecasiez.com\/wp-content\/uploads\/2021\/04\/photo-bio2.png 477w\" sizes=\"auto, (max-width: 246px) 100vw, 246px\" \/>Biographical note<\/h4>\n<p>Solange Casiez was born in Lille, France, did her undergraduate degree in France, then a Master&#8217;s degree in Business Administration in Quebec, where she still lives. While pursuing a career in administration\/finance in national and international companies, she developed her creative profile in writing, photography and video. Since 2011, she gives free rein to her creative urge and expresses herself mainly through writing. <\/p>\n<p>She is currently working on a third novel in which she explores the interweaving of several narrative voices, including her own.<\/p>\n<p>She is the author of H\u00e9lo\u00efse, 1900-1935 and H\u00e9lo\u00efse de ses propres ailes, 1935-1945, two historical novels inspired by the life of her great-aunt, a poetess and marketing pioneer at the beginning of the twentieth century. H\u00e9lo\u00efse takes us through the war on two continents and into the literary life of Quebec. With her, we worry about loved one. We follow her as she charts the course of free women in the 20th century.<br \/>\n[\/vc_column_text][\/vc_column][vc_column width=&#8221;1\/4&#8243; offset=&#8221;vc_hidden-sm vc_hidden-xs&#8221;][vc_empty_space][\/vc_column][\/vc_row][vc_row css=&#8221;.vc_custom_1616161039691{background-color: #dedcd3 !important;}&#8221;][vc_column width=&#8221;1\/4&#8243; offset=&#8221;vc_hidden-sm vc_hidden-xs&#8221;][vc_empty_space][\/vc_column][vc_column width=&#8221;1\/2&#8243; css=&#8221;.vc_custom_1619454612886{margin-right: 10px !important;margin-left: 10px !important;padding-right: 14px !important;padding-left: 14px !important;}&#8221;][vc_column_text css=&#8221;.vc_custom_1620660934293{margin-right: 20px !important;}&#8221;]<\/p>\n<h4>Artistic Approach<\/h4>\n<p>passion for writing comes from my desire to bear witness to ordinary destinies that can become exceptional. My approach starts from reality, concrete facts, historical data. Then I use my imagination and autobiographical references to build scenes where I can relate the past so that it does not disappear. <\/p>\n<p>My deepest self, nourished by my experiences and my creativity, allows me to build the fiction that surrounds authentic events in my novels.  I create the universe of my characters by adding details, coherence, complexity, and symbolism. I build circles of credibility so that my readers enter and believe in the personalities, their psychology and become attached to them.<\/p>\n<p>To fuel my writing, I have the chance to travel around the world in search of stories and adventures. With my photojournalistic eye I have visited Europe, India, Russia, China, Africa, Egypt, South Pacific Islands, New Caledonia, Europe, the Caribbean, Australia, New Zealand, Singapore, Malaysia, Thailand, Hawaii. I always have a new trip in preparation.<br \/>\n[\/vc_column_text][\/vc_column][vc_column width=&#8221;1\/4&#8243; offset=&#8221;vc_hidden-sm vc_hidden-xs&#8221;][vc_empty_space][\/vc_column][\/vc_row][vc_row css=&#8221;.vc_custom_1616161039691{background-color: #dedcd3 !important;}&#8221;][vc_column width=&#8221;1\/4&#8243; offset=&#8221;vc_hidden-sm vc_hidden-xs&#8221;][vc_empty_space][\/vc_column][vc_column width=&#8221;1\/2&#8243; css=&#8221;.vc_custom_1619454627673{margin-right: 10px !important;margin-left: 10px !important;padding-right: 14px !important;padding-left: 14px !important;}&#8221;][vc_column_text css=&#8221;.vc_custom_1620660964066{margin-right: 20px !important;}&#8221;]<\/p>\n<h4>Writing<\/h4>\n<p>Once the idea for a novel has been conceived, the fieldwork has been done, all the archival material has been studied, the most important part remains, writing. This is where persistence and patience come into play. I have to use my creativity to create something bigger than reality while remaining authentic. It&#8217;s about finding your style, demonstrating your talent, your uniqueness. My goal is to elevate myself through fiction to a level where I can captivate my reader through style and originality. [\/vc_column_text][vc_empty_space height=&#8221;64px&#8221;][\/vc_column][vc_column width=&#8221;1\/4&#8243; offset=&#8221;vc_hidden-sm vc_hidden-xs&#8221;][vc_empty_space][\/vc_column][\/vc_row]<\/p>\n<\/section>","protected":false},"excerpt":{"rendered":"<p>[vc_row css=&#8221;.vc_custom_1616160799606{background-color: #eae9e4 !important;}&#8221;][vc_column][vc_column_text] BIOGRAPHY [\/vc_column_text][\/vc_column][\/vc_row][vc_row css=&#8221;.vc_custom_1616161039691{background-color: #dedcd3 !important;}&#8221;][vc_column width=&#8221;1\/4&#8243; offset=&#8221;vc_hidden-sm vc_hidden-xs&#8221;][vc_empty_space][\/vc_column][vc_column width=&#8221;1\/2&#8243; css=&#8221;.vc_custom_1619454603847{margin-right: 10px !important;margin-left: 10px !important;padding-right: 14px !important;padding-left: 14px !important;}&#8221;][vc_column_text css=&#8221;.vc_custom_1620660896124{margin-right: 20px !important;}&#8221;] Biographical note Solange Casiez was born in Lille, France, did her undergraduate degree in France, then a Master&#8217;s degree in Business Administration in Quebec, where she still lives. While pursuing [&hellip;]<\/p>\n","protected":false},"author":1,"featured_media":0,"parent":0,"menu_order":0,"comment_status":"closed","ping_status":"closed","template":"page-full-width.php","meta":{"footnotes":""},"class_list":["post-5485","page","type-page","status-publish","hentry"],"yoast_head":"<!-- This site is optimized with the Yoast SEO plugin v19.10 - https:\/\/yoast.com\/wordpress\/plugins\/seo\/ -->\n<title>Biography of Solange Casiez a Quebec author<\/title>\n<meta name=\"robots\" content=\"index, follow, max-snippet:-1, max-image-preview:large, max-video-preview:-1\" \/>\n<link rel=\"canonical\" href=\"https:\/\/solangecasiez.com\/en\/biography\/\" \/>\n<meta property=\"og:locale\" content=\"en_US\" \/>\n<meta property=\"og:type\" content=\"article\" \/>\n<meta property=\"og:title\" content=\"Biography of Solange Casiez a Quebec author\" \/>\n<meta property=\"og:description\" content=\"[vc_row css=&#8221;.vc_custom_1616160799606{background-color: #eae9e4 !important;}&#8221;][vc_column][vc_column_text] BIOGRAPHY [\/vc_column_text][\/vc_column][\/vc_row][vc_row css=&#8221;.vc_custom_1616161039691{background-color: #dedcd3 !important;}&#8221;][vc_column width=&#8221;1\/4&#8243; offset=&#8221;vc_hidden-sm vc_hidden-xs&#8221;][vc_empty_space][\/vc_column][vc_column width=&#8221;1\/2&#8243; css=&#8221;.vc_custom_1619454603847{margin-right: 10px !important;margin-left: 10px !important;padding-right: 14px !important;padding-left: 14px !important;}&#8221;][vc_column_text css=&#8221;.vc_custom_1620660896124{margin-right: 20px !important;}&#8221;] Biographical note Solange Casiez was born in Lille, France, did her undergraduate degree in France, then a Master&#8217;s degree in Business Administration in Quebec, where she still lives. While pursuing [&hellip;]\" \/>\n<meta property=\"og:url\" content=\"https:\/\/solangecasiez.com\/en\/biography\/\" \/>\n<meta property=\"og:site_name\" content=\"Solange Casiez, Auteure\" \/>\n<meta property=\"article:modified_time\" content=\"2021-05-12T13:17:15+00:00\" \/>\n<meta property=\"og:image\" content=\"https:\/\/solangecasiez.com\/wp-content\/uploads\/2021\/04\/photo-bio2-240x300.png\" \/>\n<meta name=\"twitter:card\" content=\"summary_large_image\" \/>\n<meta name=\"twitter:label1\" content=\"Est. reading time\" \/>\n\t<meta name=\"twitter:data1\" content=\"3 minutes\" \/>\n<script type=\"application\/ld+json\" class=\"yoast-schema-graph\">{\"@context\":\"https:\/\/schema.org\",\"@graph\":[{\"@type\":\"WebPage\",\"@id\":\"https:\/\/solangecasiez.com\/en\/biography\/\",\"url\":\"https:\/\/solangecasiez.com\/en\/biography\/\",\"name\":\"Biography of Solange Casiez a Quebec author\",\"isPartOf\":{\"@id\":\"https:\/\/solangecasiez.com\/#website\"},\"datePublished\":\"2021-03-19T13:31:34+00:00\",\"dateModified\":\"2021-05-12T13:17:15+00:00\",\"breadcrumb\":{\"@id\":\"https:\/\/solangecasiez.com\/en\/biography\/#breadcrumb\"},\"inLanguage\":\"en-US\",\"potentialAction\":[{\"@type\":\"ReadAction\",\"target\":[\"https:\/\/solangecasiez.com\/en\/biography\/\"]}]},{\"@type\":\"BreadcrumbList\",\"@id\":\"https:\/\/solangecasiez.com\/en\/biography\/#breadcrumb\",\"itemListElement\":[{\"@type\":\"ListItem\",\"position\":1,\"name\":\"Accueil\",\"item\":\"https:\/\/solangecasiez.com\/en\/\"},{\"@type\":\"ListItem\",\"position\":2,\"name\":\"Biography\"}]},{\"@type\":\"WebSite\",\"@id\":\"https:\/\/solangecasiez.com\/#website\",\"url\":\"https:\/\/solangecasiez.com\/\",\"name\":\"Solange Casiez, Auteure\",\"description\":\"\",\"potentialAction\":[{\"@type\":\"SearchAction\",\"target\":{\"@type\":\"EntryPoint\",\"urlTemplate\":\"https:\/\/solangecasiez.com\/?s={search_term_string}\"},\"query-input\":\"required name=search_term_string\"}],\"inLanguage\":\"en-US\"}]}<\/script>\n<!-- \/ Yoast SEO plugin. -->","yoast_head_json":{"title":"Biography of Solange Casiez a Quebec author","robots":{"index":"index","follow":"follow","max-snippet":"max-snippet:-1","max-image-preview":"max-image-preview:large","max-video-preview":"max-video-preview:-1"},"canonical":"https:\/\/solangecasiez.com\/en\/biography\/","og_locale":"en_US","og_type":"article","og_title":"Biography of Solange Casiez a Quebec author","og_description":"[vc_row css=&#8221;.vc_custom_1616160799606{background-color: #eae9e4 !important;}&#8221;][vc_column][vc_column_text] BIOGRAPHY [\/vc_column_text][\/vc_column][\/vc_row][vc_row css=&#8221;.vc_custom_1616161039691{background-color: #dedcd3 !important;}&#8221;][vc_column width=&#8221;1\/4&#8243; offset=&#8221;vc_hidden-sm vc_hidden-xs&#8221;][vc_empty_space][\/vc_column][vc_column width=&#8221;1\/2&#8243; css=&#8221;.vc_custom_1619454603847{margin-right: 10px !important;margin-left: 10px !important;padding-right: 14px !important;padding-left: 14px !important;}&#8221;][vc_column_text css=&#8221;.vc_custom_1620660896124{margin-right: 20px !important;}&#8221;] Biographical note Solange Casiez was born in Lille, France, did her undergraduate degree in France, then a Master&#8217;s degree in Business Administration in Quebec, where she still lives. While pursuing [&hellip;]","og_url":"https:\/\/solangecasiez.com\/en\/biography\/","og_site_name":"Solange Casiez, Auteure","article_modified_time":"2021-05-12T13:17:15+00:00","og_image":[{"url":"https:\/\/solangecasiez.com\/wp-content\/uploads\/2021\/04\/photo-bio2-240x300.png"}],"twitter_card":"summary_large_image","twitter_misc":{"Est. reading time":"3 minutes"},"schema":{"@context":"https:\/\/schema.org","@graph":[{"@type":"WebPage","@id":"https:\/\/solangecasiez.com\/en\/biography\/","url":"https:\/\/solangecasiez.com\/en\/biography\/","name":"Biography of Solange Casiez a Quebec author","isPartOf":{"@id":"https:\/\/solangecasiez.com\/#website"},"datePublished":"2021-03-19T13:31:34+00:00","dateModified":"2021-05-12T13:17:15+00:00","breadcrumb":{"@id":"https:\/\/solangecasiez.com\/en\/biography\/#breadcrumb"},"inLanguage":"en-US","potentialAction":[{"@type":"ReadAction","target":["https:\/\/solangecasiez.com\/en\/biography\/"]}]},{"@type":"BreadcrumbList","@id":"https:\/\/solangecasiez.com\/en\/biography\/#breadcrumb","itemListElement":[{"@type":"ListItem","position":1,"name":"Accueil","item":"https:\/\/solangecasiez.com\/en\/"},{"@type":"ListItem","position":2,"name":"Biography"}]},{"@type":"WebSite","@id":"https:\/\/solangecasiez.com\/#website","url":"https:\/\/solangecasiez.com\/","name":"Solange Casiez, Auteure","description":"","potentialAction":[{"@type":"SearchAction","target":{"@type":"EntryPoint","urlTemplate":"https:\/\/solangecasiez.com\/?s={search_term_string}"},"query-input":"required name=search_term_string"}],"inLanguage":"en-US"}]}},"_links":{"self":[{"href":"https:\/\/solangecasiez.com\/en\/wp-json\/wp\/v2\/pages\/5485","targetHints":{"allow":["GET"]}}],"collection":[{"href":"https:\/\/solangecasiez.com\/en\/wp-json\/wp\/v2\/pages"}],"about":[{"href":"https:\/\/solangecasiez.com\/en\/wp-json\/wp\/v2\/types\/page"}],"author":[{"embeddable":true,"href":"https:\/\/solangecasiez.com\/en\/wp-json\/wp\/v2\/users\/1"}],"replies":[{"embeddable":true,"href":"https:\/\/solangecasiez.com\/en\/wp-json\/wp\/v2\/comments?post=5485"}],"version-history":[{"count":2,"href":"https:\/\/solangecasiez.com\/en\/wp-json\/wp\/v2\/pages\/5485\/revisions"}],"predecessor-version":[{"id":5488,"href":"https:\/\/solangecasiez.com\/en\/wp-json\/wp\/v2\/pages\/5485\/revisions\/5488"}],"wp:attachment":[{"href":"https:\/\/solangecasiez.com\/en\/wp-json\/wp\/v2\/media?parent=5485"}],"curies":[{"name":"wp","href":"https:\/\/api.w.org\/{rel}","templated":true}]}}